{"id":13,"date":"2013-03-09T20:29:57","date_gmt":"2013-03-09T19:29:57","guid":{"rendered":"http:\/\/optoma.home.pl\/nowa\/?page_id=13"},"modified":"2019-05-15T12:38:44","modified_gmt":"2019-05-15T10:38:44","slug":"kontakt","status":"publish","type":"page","link":"https:\/\/optoma-optyk.pl\/en\/kontakt\/","title":{"rendered":"Kontakt"},"content":{"rendered":"<div style=\"float: left; width: 250px;\"><strong>Adres:<\/strong><br \/>\nul. Krasickiego 14<br \/>\n72-400 Kamie\u0144 Pomorski<br \/>\nPolska<\/p>\n<p><strong>Telefon:<\/strong><br \/>\n<img decoding=\"async\" class=\"alignnone size-full wp-image-56\" style=\"border-radius: 0; box-shadow: none; vertical-align: middle;\" src=\"http:\/\/optoma.home.pl\/nowa\/wp-content\/uploads\/2013\/03\/phone.png\" alt=\"phone\" height=\"12\" \/> 0-91 38 20 600<br \/>\n<img decoding=\"async\" class=\"alignnone size-full wp-image-69\" style=\"border-radius: 0; box-shadow: none; vertical-align: middle;\" src=\"http:\/\/optoma.home.pl\/nowa\/wp-content\/uploads\/2013\/03\/phone_on_32.png\" alt=\"phone_on_32\" height=\"15\" \/> 666 314 822<\/p>\n<p><strong>Godziny otwarcia:<\/strong><br \/>\nponiedzia\u0142ek-pi\u0105tek 10-17<br \/>\nsobota &#8211; po wcze\u015bniejszym<br \/>\nuzgodnieniu telefonicznym<\/p>\n<\/div>\n<div style=\"float: right; width: 440px;\">\n<div class=\"wpcf7 no-js\" id=\"wpcf7-f20-o1\" lang=\"en-US\" dir=\"ltr\" data-wpcf7-id=\"20\">\n<div class=\"screen-reader-response\"><p role=\"status\" aria-live=\"polite\" aria-atomic=\"true\"><\/p> <ul><\/ul><\/div>\n<form action=\"\/en\/wp-json\/wp\/v2\/pages\/13#wpcf7-f20-o1\" method=\"post\" class=\"wpcf7-form init\" aria-label=\"Contact form\" novalidate=\"novalidate\" data-status=\"init\">\n<fieldset class=\"hidden-fields-container\"><input type=\"hidden\" name=\"_wpcf7\" value=\"20\" \/><input type=\"hidden\" name=\"_wpcf7_version\" value=\"6.1.1\" \/><input type=\"hidden\" name=\"_wpcf7_locale\" value=\"en_US\" \/><input type=\"hidden\" name=\"_wpcf7_unit_tag\" value=\"wpcf7-f20-o1\" \/><input type=\"hidden\" name=\"_wpcf7_container_post\" value=\"0\" \/><input type=\"hidden\" name=\"_wpcf7_posted_data_hash\" value=\"\" \/><input type=\"hidden\" name=\"_wpcf7_recaptcha_response\" value=\"\" \/>\n<\/fieldset>\n<div style=\"float:left; margin-right: 10px;\">\n\t<p>Imi\u0119 i nazwisko *\n\t<\/p>\n\t<p><span class=\"wpcf7-form-control-wrap\" data-name=\"your-name\"><input size=\"40\" maxlength=\"400\" class=\"wpcf7-form-control wpcf7-text wpcf7-validates-as-required\" aria-required=\"true\" aria-invalid=\"false\" value=\"\" type=\"text\" name=\"your-name\" \/><\/span>\n\t<\/p>\n\t<p>Adres email *\n\t<\/p>\n\t<p><span class=\"wpcf7-form-control-wrap\" data-name=\"your-email\"><input size=\"40\" maxlength=\"400\" class=\"wpcf7-form-control wpcf7-email wpcf7-validates-as-required wpcf7-text wpcf7-validates-as-email\" aria-required=\"true\" aria-invalid=\"false\" value=\"\" type=\"email\" name=\"your-email\" \/><\/span>\n\t<\/p>\n\t<p>Temat\n\t<\/p>\n\t<p><span class=\"wpcf7-form-control-wrap\" data-name=\"your-subject\"><input size=\"40\" maxlength=\"400\" class=\"wpcf7-form-control wpcf7-text\" aria-invalid=\"false\" value=\"\" type=\"text\" name=\"your-subject\" \/><\/span>\n\t<\/p>\n<\/div>\n<div style=\"float:right \">\n\t<p>Tre\u015b\u0107 wiadomo\u015bci\n\t<\/p>\n\t<p><span class=\"wpcf7-form-control-wrap\" data-name=\"your-message\"><textarea cols=\"40\" rows=\"10\" maxlength=\"2000\" class=\"wpcf7-form-control wpcf7-textarea\" aria-invalid=\"false\" name=\"your-message\"><\/textarea><\/span>\n\t<\/p>\n<\/div>\n<div class=\"clear\">\n<\/div>\n<p><input class=\"wpcf7-form-control wpcf7-submit has-spinner\" type=\"submit\" value=\"Wy\u015blij\" \/>\n<\/p><p style=\"display: none !important;\" class=\"akismet-fields-container\" data-prefix=\"_wpcf7_ak_\"><label>&#916;<textarea name=\"_wpcf7_ak_hp_textarea\" cols=\"45\" rows=\"8\" maxlength=\"100\"><\/textarea><\/label><input type=\"hidden\" id=\"ak_js_1\" name=\"_wpcf7_ak_js\" value=\"148\"\/><script>document.getElementById( \"ak_js_1\" ).setAttribute( \"value\", ( new Date() ).getTime() );<\/script><\/p><div class=\"wpcf7-response-output\" aria-hidden=\"true\"><\/div>\n<\/form>\n<\/div>\n<\/div>\n<div class=\"clear\"><\/div>\n<p><iframe loading=\"lazy\" style=\"border: 2px solid black;\" src=\"https:\/\/maps.google.com\/maps?q=ul.+Krasickiego+14+72-400+Kamie%C5%84+Pomorski&amp;aq=f&amp;ie=UTF8&amp;hl=pl&amp;hq=&amp;hnear=Ignacego+Krasickiego+14,+72-400+Kamie%C5%84+Pomorski,+kamie%C5%84ski,+zachodniopomorskie,+Polska&amp;t=m&amp;ll=53.970729,14.778328&amp;spn=0.03534,0.120163&amp;z=13&amp;iwloc=A&amp;output=embed\" width=\"700\" height=\"350\" frameborder=\"0\" marginwidth=\"0\" marginheight=\"0\" scrolling=\"no\"><\/iframe><br \/>\n<small><a style=\"text-align: left;\" href=\"https:\/\/maps.google.com\/maps?q=ul.+Krasickiego+14+72-400+Kamie%C5%84+Pomorski&amp;aq=f&amp;ie=UTF8&amp;hl=pl&amp;hq=&amp;hnear=Ignacego+Krasickiego+14,+72-400+Kamie%C5%84+Pomorski,+kamie%C5%84ski,+zachodniopomorskie,+Polska&amp;t=m&amp;ll=53.970729,14.778328&amp;spn=0.03534,0.120163&amp;z=13&amp;iwloc=A&amp;source=embed\">Wy\u015bwietl wi\u0119ksz\u0105 map\u0119<\/a><\/small><\/p>\n","protected":false},"excerpt":{"rendered":"<p>Adres: ul. Krasickiego 14 72-400 Kamie\u0144 Pomorski Polska Telefon: 0-91 38 20 600 666 314 822 Godziny otwarcia: poniedzia\u0142ek-pi\u0105tek 10-17 sobota &#8211; po wcze\u015bniejszym uzgodnieniu telefonicznym Wy\u015bwietl wi\u0119ksz\u0105 map\u0119<\/p>\n","protected":false},"author":1,"featured_media":0,"parent":0,"menu_order":0,"comment_status":"open","ping_status":"open","template":"","meta":{"footnotes":""},"class_list":["post-13","page","type-page","status-publish","hentry"],"yoast_head":"<!-- This site is optimized with the Yoast SEO plugin v25.7 - https:\/\/yoast.com\/wordpress\/plugins\/seo\/ -->\n<title>Contact - Optoma<\/title>\n<meta name=\"robots\" content=\"index, follow, max-snippet:-1, max-image-preview:large, max-video-preview:-1\" \/>\n<link rel=\"canonical\" href=\"http:\/\/optoma-optyk.pl\/en\/kontakt\/\" \/>\n<meta property=\"og:locale\" content=\"en_US\" \/>\n<meta property=\"og:type\" content=\"article\" \/>\n<meta property=\"og:title\" content=\"Contact - Optoma\" \/>\n<meta property=\"og:description\" content=\"Adres: ul. Krasickiego 14 72-400 Kamie\u0144 Pomorski Polska Telefon: 0-91 38 20 600 666 314 822 Godziny otwarcia: poniedzia\u0142ek-pi\u0105tek 10-17 sobota &#8211; po wcze\u015bniejszym uzgodnieniu telefonicznym Wy\u015bwietl wi\u0119ksz\u0105 map\u0119\" \/>\n<meta property=\"og:url\" content=\"http:\/\/optoma-optyk.pl\/en\/kontakt\/\" \/>\n<meta property=\"og:site_name\" content=\"Optoma\" \/>\n<meta property=\"article:modified_time\" content=\"2019-05-15T10:38:44+00:00\" \/>\n<meta property=\"og:image\" content=\"http:\/\/optoma.home.pl\/nowa\/wp-content\/uploads\/2013\/03\/phone.png\" \/>\n<script type=\"application\/ld+json\" class=\"yoast-schema-graph\">{\"@context\":\"https:\/\/schema.org\",\"@graph\":[{\"@type\":\"WebPage\",\"@id\":\"http:\/\/optoma-optyk.pl\/en\/kontakt\/\",\"url\":\"http:\/\/optoma-optyk.pl\/en\/kontakt\/\",\"name\":\"Contact - Optoma\",\"isPartOf\":{\"@id\":\"http:\/\/optoma-optyk.pl\/#website\"},\"primaryImageOfPage\":{\"@id\":\"http:\/\/optoma-optyk.pl\/en\/kontakt\/#primaryimage\"},\"image\":{\"@id\":\"http:\/\/optoma-optyk.pl\/en\/kontakt\/#primaryimage\"},\"thumbnailUrl\":\"http:\/\/optoma.home.pl\/nowa\/wp-content\/uploads\/2013\/03\/phone.png\",\"datePublished\":\"2013-03-09T19:29:57+00:00\",\"dateModified\":\"2019-05-15T10:38:44+00:00\",\"breadcrumb\":{\"@id\":\"http:\/\/optoma-optyk.pl\/en\/kontakt\/#breadcrumb\"},\"inLanguage\":\"en-US\",\"potentialAction\":[{\"@type\":\"ReadAction\",\"target\":[\"http:\/\/optoma-optyk.pl\/en\/kontakt\/\"]}]},{\"@type\":\"ImageObject\",\"inLanguage\":\"en-US\",\"@id\":\"http:\/\/optoma-optyk.pl\/en\/kontakt\/#primaryimage\",\"url\":\"http:\/\/optoma.home.pl\/nowa\/wp-content\/uploads\/2013\/03\/phone.png\",\"contentUrl\":\"http:\/\/optoma.home.pl\/nowa\/wp-content\/uploads\/2013\/03\/phone.png\"},{\"@type\":\"BreadcrumbList\",\"@id\":\"http:\/\/optoma-optyk.pl\/en\/kontakt\/#breadcrumb\",\"itemListElement\":[{\"@type\":\"ListItem\",\"position\":1,\"name\":\"Home\",\"item\":\"https:\/\/optoma-optyk.pl\/\"},{\"@type\":\"ListItem\",\"position\":2,\"name\":\"Kontakt\"}]},{\"@type\":\"WebSite\",\"@id\":\"http:\/\/optoma-optyk.pl\/#website\",\"url\":\"http:\/\/optoma-optyk.pl\/\",\"name\":\"Optoma\",\"description\":\"Optyk\",\"potentialAction\":[{\"@type\":\"SearchAction\",\"target\":{\"@type\":\"EntryPoint\",\"urlTemplate\":\"http:\/\/optoma-optyk.pl\/?s={search_term_string}\"},\"query-input\":{\"@type\":\"PropertyValueSpecification\",\"valueRequired\":true,\"valueName\":\"search_term_string\"}}],\"inLanguage\":\"en-US\"}]}<\/script>\n<!-- \/ Yoast SEO plugin. -->","yoast_head_json":{"title":"Contact - Optoma","robots":{"index":"index","follow":"follow","max-snippet":"max-snippet:-1","max-image-preview":"max-image-preview:large","max-video-preview":"max-video-preview:-1"},"canonical":"http:\/\/optoma-optyk.pl\/en\/kontakt\/","og_locale":"en_US","og_type":"article","og_title":"Contact - Optoma","og_description":"Adres: ul. Krasickiego 14 72-400 Kamie\u0144 Pomorski Polska Telefon: 0-91 38 20 600 666 314 822 Godziny otwarcia: poniedzia\u0142ek-pi\u0105tek 10-17 sobota &#8211; po wcze\u015bniejszym uzgodnieniu telefonicznym Wy\u015bwietl wi\u0119ksz\u0105 map\u0119","og_url":"http:\/\/optoma-optyk.pl\/en\/kontakt\/","og_site_name":"Optoma","article_modified_time":"2019-05-15T10:38:44+00:00","og_image":[{"url":"http:\/\/optoma.home.pl\/nowa\/wp-content\/uploads\/2013\/03\/phone.png","type":"","width":"","height":""}],"schema":{"@context":"https:\/\/schema.org","@graph":[{"@type":"WebPage","@id":"http:\/\/optoma-optyk.pl\/en\/kontakt\/","url":"http:\/\/optoma-optyk.pl\/en\/kontakt\/","name":"Contact - Optoma","isPartOf":{"@id":"http:\/\/optoma-optyk.pl\/#website"},"primaryImageOfPage":{"@id":"http:\/\/optoma-optyk.pl\/en\/kontakt\/#primaryimage"},"image":{"@id":"http:\/\/optoma-optyk.pl\/en\/kontakt\/#primaryimage"},"thumbnailUrl":"http:\/\/optoma.home.pl\/nowa\/wp-content\/uploads\/2013\/03\/phone.png","datePublished":"2013-03-09T19:29:57+00:00","dateModified":"2019-05-15T10:38:44+00:00","breadcrumb":{"@id":"http:\/\/optoma-optyk.pl\/en\/kontakt\/#breadcrumb"},"inLanguage":"en-US","potentialAction":[{"@type":"ReadAction","target":["http:\/\/optoma-optyk.pl\/en\/kontakt\/"]}]},{"@type":"ImageObject","inLanguage":"en-US","@id":"http:\/\/optoma-optyk.pl\/en\/kontakt\/#primaryimage","url":"http:\/\/optoma.home.pl\/nowa\/wp-content\/uploads\/2013\/03\/phone.png","contentUrl":"http:\/\/optoma.home.pl\/nowa\/wp-content\/uploads\/2013\/03\/phone.png"},{"@type":"BreadcrumbList","@id":"http:\/\/optoma-optyk.pl\/en\/kontakt\/#breadcrumb","itemListElement":[{"@type":"ListItem","position":1,"name":"Home","item":"https:\/\/optoma-optyk.pl\/"},{"@type":"ListItem","position":2,"name":"Kontakt"}]},{"@type":"WebSite","@id":"http:\/\/optoma-optyk.pl\/#website","url":"http:\/\/optoma-optyk.pl\/","name":"Optoma","description":"Optyk","potentialAction":[{"@type":"SearchAction","target":{"@type":"EntryPoint","urlTemplate":"http:\/\/optoma-optyk.pl\/?s={search_term_string}"},"query-input":{"@type":"PropertyValueSpecification","valueRequired":true,"valueName":"search_term_string"}}],"inLanguage":"en-US"}]}},"_links":{"self":[{"href":"https:\/\/optoma-optyk.pl\/en\/wp-json\/wp\/v2\/pages\/13","targetHints":{"allow":["GET"]}}],"collection":[{"href":"https:\/\/optoma-optyk.pl\/en\/wp-json\/wp\/v2\/pages"}],"about":[{"href":"https:\/\/optoma-optyk.pl\/en\/wp-json\/wp\/v2\/types\/page"}],"author":[{"embeddable":true,"href":"https:\/\/optoma-optyk.pl\/en\/wp-json\/wp\/v2\/users\/1"}],"replies":[{"embeddable":true,"href":"https:\/\/optoma-optyk.pl\/en\/wp-json\/wp\/v2\/comments?post=13"}],"version-history":[{"count":35,"href":"https:\/\/optoma-optyk.pl\/en\/wp-json\/wp\/v2\/pages\/13\/revisions"}],"predecessor-version":[{"id":85,"href":"https:\/\/optoma-optyk.pl\/en\/wp-json\/wp\/v2\/pages\/13\/revisions\/85"}],"wp:attachment":[{"href":"https:\/\/optoma-optyk.pl\/en\/wp-json\/wp\/v2\/media?parent=13"}],"curies":[{"name":"wp","href":"https:\/\/api.w.org\/{rel}","templated":true}]}}