{"id":79,"date":"2013-04-15T10:06:01","date_gmt":"2013-04-15T08:06:01","guid":{"rendered":"http:\/\/optoma-optyk.pl\/cookie-policy\/"},"modified":"2013-04-15T10:06:01","modified_gmt":"2013-04-15T08:06:01","slug":"cookie-policy","status":"publish","type":"page","link":"https:\/\/optoma-optyk.pl\/en\/cookie-policy\/","title":{"rendered":"Polityka plik\u00f3w \u201ecookies\u201d"},"content":{"rendered":"<p><b>Niniejsza Polityka dotyczy plik\u00f3w \u201ecookies\u201d i odnosi si\u0119 do strony internetowej <a href='http:\/\/optoma-optyk.pl'>http:\/\/optoma-optyk.pl<\/a><\/b><\/p>\n<p>\ufeff<b>Czym s\u0105 pliki \u201ecookies\u201d?<\/b><\/p>\n<p>Poprzez ciasteczka (pliki \u201ecookies\u201d) rozumiemy niewielkie informacje tekstowe, wysy\u0142ane przez serwer WWW i zapisywane po stronie u\u017cytkownika (zazwyczaj na twardym dysku). Domy\u015blne parametry ciasteczek pozwalaj\u0105 na odczytanie informacji w nich zawartych jedynie serwerowi, kt\u00f3ry je utworzy\u0142. Ciasteczka s\u0105 stosowane najcz\u0119\u015bciej w przypadku licznik\u00f3w, sond, sklep\u00f3w internetowych, stron wymagaj\u0105cych logowania, reklam i do monitorowania aktywno\u015bci odwiedzaj\u0105cych [za wikipedia].<\/p>\n<p><b>Do jakich cel\u00f3w u\u017cywamy plik\u00f3w \u201ecookies\u201d?<\/b><\/p>\n<p>Pliki \u201ecookies\u201d s\u0105 u\u017cywane w celu dopasowania zawarto\u015bci stron www do preferencji u\u017cytkownika oraz optymalizacji korzystania ze stron www. U\u017cywane s\u0105 r\u00f3wnie\u017c w celu tworzenia anonimowych, zagregowanych statystyk, kt\u00f3re pomagaj\u0105 zrozumie\u0107, w jaki spos\u00f3b u\u017cytkownik korzysta ze stron internetowych, co umo\u017cliwia ulepszanie ich struktury i zawarto\u015bci, z wy\u0142\u0105czeniem personalnej identyfikacji u\u017cytkownika.<\/p>\n<p><b>Jakich plik\u00f3w \u201ecookies\u201d u\u017cywamy?<\/b><\/p>\n<p>Stosowane s\u0105 dwa rodzaje plik\u00f3w \u201ecookies\u201d \u2013 \u201esesyjne\u201d oraz \u201esta\u0142e\u201d. Pierwsze z nich s\u0105 plikami tymczasowymi, kt\u00f3re pozostaj\u0105 na urz\u0105dzeniu u\u017cytkownika, a\u017c do wylogowania ze strony internetowej lub wy\u0142\u0105czenia oprogramowania (przegl\u0105darki internetowej). \u201eSta\u0142e\u201d pliki pozostaj\u0105 na urz\u0105dzeniu u\u017cytkownika przez czas okre\u015blony w parametrach plik\u00f3w \u201ecookies\u201d albo do momentu ich r\u0119cznego usuni\u0119cia przez u\u017cytkownika.<br \/>\nPliki \u201ecookies\u201d wykorzystywane przez partner\u00f3w operatora strony internetowej, w tym w szczeg\u00f3lno\u015bci firmy Google i Facebook, podlegaj\u0105 ich w\u0142asnej polityce prywatno\u015bci.<\/p>\n<p><b>Czy pliki \u201ecookies\u201d zawieraj\u0105 dane osobowe?<\/b><\/p>\n<p>Dane osobowe gromadzone przy u\u017cyciu plik\u00f3w \u201ecookies\u201d mog\u0105 by\u0107 zbierane wy\u0142\u0105cznie w celu wykonywania okre\u015blonych funkcji na rzecz u\u017cytkownika. Takie dane s\u0105 zaszyfrowane w spos\u00f3b uniemo\u017cliwiaj\u0105cy dost\u0119p do nich osobom nieuprawnionym.<\/p>\n<p><b>Usuwanie i kontrola nad plikami \u201ecookies\u201d<\/b><\/p>\n<p>Standardowo oprogramowanie s\u0142u\u017c\u0105ce do przegl\u0105dania stron internetowych domy\u015blnie dopuszcza umieszczanie plik\u00f3w \u201ecookies\u201d na urz\u0105dzeniu ko\u0144cowym. Ustawienia te mog\u0105 zosta\u0107 zmienione w taki spos\u00f3b, aby blokowa\u0107 automatyczn\u0105 obs\u0142ug\u0119 plik\u00f3w \u201ecookies\u201d w ustawieniach przegl\u0105darki internetowej b\u0105d\u017a informowa\u0107 o ich ka\u017cdorazowym przes\u0142aniu na urz\u0105dzenie u\u017cytkownika. Szczeg\u00f3\u0142owe informacje o mo\u017cliwo\u015bci i sposobach obs\u0142ugi plik\u00f3w \u201ecookies\u201d dost\u0119pne s\u0105 w ustawieniach oprogramowania (przegl\u0105darki internetowej).<br \/>\nOgraniczenie stosowania plik\u00f3w \u201ecookies\u201d, mo\u017ce wp\u0142yn\u0105\u0107 na niekt\u00f3re funkcjonalno\u015bci dost\u0119pne na stronie internetowej.<\/p>\n","protected":false},"excerpt":{"rendered":"<p>Niniejsza Polityka dotyczy plik\u00f3w \u201ecookies\u201d i odnosi si\u0119 do strony internetowej http:\/\/optoma-optyk.pl \ufeffCzym s\u0105 pliki \u201ecookies\u201d? Poprzez ciasteczka (pliki \u201ecookies\u201d) rozumiemy niewielkie informacje tekstowe, wysy\u0142ane przez serwer WWW i zapisywane po stronie u\u017cytkownika (zazwyczaj na twardym dysku). Domy\u015blne parametry ciasteczek pozwalaj\u0105 na odczytanie informacji w nich zawartych jedynie serwerowi, kt\u00f3ry je utworzy\u0142. Ciasteczka s\u0105 stosowane [&hellip;]<\/p>\n","protected":false},"author":1,"featured_media":0,"parent":0,"menu_order":0,"comment_status":"open","ping_status":"open","template":"","meta":{"footnotes":""},"class_list":["post-79","page","type-page","status-publish","hentry"],"yoast_head":"<!-- This site is optimized with the Yoast SEO plugin v25.7 - https:\/\/yoast.com\/wordpress\/plugins\/seo\/ -->\n<title>Polityka plik\u00f3w \u201ecookies\u201d - Optoma<\/title>\n<meta name=\"robots\" content=\"index, follow, max-snippet:-1, max-image-preview:large, max-video-preview:-1\" \/>\n<link rel=\"canonical\" href=\"http:\/\/optoma-optyk.pl\/en\/cookie-policy\/\" \/>\n<meta property=\"og:locale\" content=\"en_US\" \/>\n<meta property=\"og:type\" content=\"article\" \/>\n<meta property=\"og:title\" content=\"Polityka plik\u00f3w \u201ecookies\u201d - Optoma\" \/>\n<meta property=\"og:description\" content=\"Niniejsza Polityka dotyczy plik\u00f3w \u201ecookies\u201d i odnosi si\u0119 do strony internetowej http:\/\/optoma-optyk.pl \ufeffCzym s\u0105 pliki \u201ecookies\u201d? Poprzez ciasteczka (pliki \u201ecookies\u201d) rozumiemy niewielkie informacje tekstowe, wysy\u0142ane przez serwer WWW i zapisywane po stronie u\u017cytkownika (zazwyczaj na twardym dysku). Domy\u015blne parametry ciasteczek pozwalaj\u0105 na odczytanie informacji w nich zawartych jedynie serwerowi, kt\u00f3ry je utworzy\u0142. Ciasteczka s\u0105 stosowane [&hellip;]\" \/>\n<meta property=\"og:url\" content=\"http:\/\/optoma-optyk.pl\/en\/cookie-policy\/\" \/>\n<meta property=\"og:site_name\" content=\"Optoma\" \/>\n<meta name=\"twitter:label1\" content=\"Est. reading time\" \/>\n\t<meta name=\"twitter:data1\" content=\"2 minutes\" \/>\n<script type=\"application\/ld+json\" class=\"yoast-schema-graph\">{\"@context\":\"https:\/\/schema.org\",\"@graph\":[{\"@type\":\"WebPage\",\"@id\":\"http:\/\/optoma-optyk.pl\/en\/cookie-policy\/\",\"url\":\"http:\/\/optoma-optyk.pl\/en\/cookie-policy\/\",\"name\":\"Polityka plik\u00f3w \u201ecookies\u201d - Optoma\",\"isPartOf\":{\"@id\":\"http:\/\/optoma-optyk.pl\/#website\"},\"datePublished\":\"2013-04-15T08:06:01+00:00\",\"breadcrumb\":{\"@id\":\"http:\/\/optoma-optyk.pl\/en\/cookie-policy\/#breadcrumb\"},\"inLanguage\":\"en-US\",\"potentialAction\":[{\"@type\":\"ReadAction\",\"target\":[\"http:\/\/optoma-optyk.pl\/en\/cookie-policy\/\"]}]},{\"@type\":\"BreadcrumbList\",\"@id\":\"http:\/\/optoma-optyk.pl\/en\/cookie-policy\/#breadcrumb\",\"itemListElement\":[{\"@type\":\"ListItem\",\"position\":1,\"name\":\"Home\",\"item\":\"https:\/\/optoma-optyk.pl\/\"},{\"@type\":\"ListItem\",\"position\":2,\"name\":\"Polityka plik\u00f3w \u201ecookies\u201d\"}]},{\"@type\":\"WebSite\",\"@id\":\"http:\/\/optoma-optyk.pl\/#website\",\"url\":\"http:\/\/optoma-optyk.pl\/\",\"name\":\"Optoma\",\"description\":\"Optyk\",\"potentialAction\":[{\"@type\":\"SearchAction\",\"target\":{\"@type\":\"EntryPoint\",\"urlTemplate\":\"http:\/\/optoma-optyk.pl\/?s={search_term_string}\"},\"query-input\":{\"@type\":\"PropertyValueSpecification\",\"valueRequired\":true,\"valueName\":\"search_term_string\"}}],\"inLanguage\":\"en-US\"}]}<\/script>\n<!-- \/ Yoast SEO plugin. -->","yoast_head_json":{"title":"Polityka plik\u00f3w \u201ecookies\u201d - Optoma","robots":{"index":"index","follow":"follow","max-snippet":"max-snippet:-1","max-image-preview":"max-image-preview:large","max-video-preview":"max-video-preview:-1"},"canonical":"http:\/\/optoma-optyk.pl\/en\/cookie-policy\/","og_locale":"en_US","og_type":"article","og_title":"Polityka plik\u00f3w \u201ecookies\u201d - Optoma","og_description":"Niniejsza Polityka dotyczy plik\u00f3w \u201ecookies\u201d i odnosi si\u0119 do strony internetowej http:\/\/optoma-optyk.pl \ufeffCzym s\u0105 pliki \u201ecookies\u201d? Poprzez ciasteczka (pliki \u201ecookies\u201d) rozumiemy niewielkie informacje tekstowe, wysy\u0142ane przez serwer WWW i zapisywane po stronie u\u017cytkownika (zazwyczaj na twardym dysku). Domy\u015blne parametry ciasteczek pozwalaj\u0105 na odczytanie informacji w nich zawartych jedynie serwerowi, kt\u00f3ry je utworzy\u0142. Ciasteczka s\u0105 stosowane [&hellip;]","og_url":"http:\/\/optoma-optyk.pl\/en\/cookie-policy\/","og_site_name":"Optoma","twitter_misc":{"Est. reading time":"2 minutes"},"schema":{"@context":"https:\/\/schema.org","@graph":[{"@type":"WebPage","@id":"http:\/\/optoma-optyk.pl\/en\/cookie-policy\/","url":"http:\/\/optoma-optyk.pl\/en\/cookie-policy\/","name":"Polityka plik\u00f3w \u201ecookies\u201d - Optoma","isPartOf":{"@id":"http:\/\/optoma-optyk.pl\/#website"},"datePublished":"2013-04-15T08:06:01+00:00","breadcrumb":{"@id":"http:\/\/optoma-optyk.pl\/en\/cookie-policy\/#breadcrumb"},"inLanguage":"en-US","potentialAction":[{"@type":"ReadAction","target":["http:\/\/optoma-optyk.pl\/en\/cookie-policy\/"]}]},{"@type":"BreadcrumbList","@id":"http:\/\/optoma-optyk.pl\/en\/cookie-policy\/#breadcrumb","itemListElement":[{"@type":"ListItem","position":1,"name":"Home","item":"https:\/\/optoma-optyk.pl\/"},{"@type":"ListItem","position":2,"name":"Polityka plik\u00f3w \u201ecookies\u201d"}]},{"@type":"WebSite","@id":"http:\/\/optoma-optyk.pl\/#website","url":"http:\/\/optoma-optyk.pl\/","name":"Optoma","description":"Optyk","potentialAction":[{"@type":"SearchAction","target":{"@type":"EntryPoint","urlTemplate":"http:\/\/optoma-optyk.pl\/?s={search_term_string}"},"query-input":{"@type":"PropertyValueSpecification","valueRequired":true,"valueName":"search_term_string"}}],"inLanguage":"en-US"}]}},"_links":{"self":[{"href":"https:\/\/optoma-optyk.pl\/en\/wp-json\/wp\/v2\/pages\/79","targetHints":{"allow":["GET"]}}],"collection":[{"href":"https:\/\/optoma-optyk.pl\/en\/wp-json\/wp\/v2\/pages"}],"about":[{"href":"https:\/\/optoma-optyk.pl\/en\/wp-json\/wp\/v2\/types\/page"}],"author":[{"embeddable":true,"href":"https:\/\/optoma-optyk.pl\/en\/wp-json\/wp\/v2\/users\/1"}],"replies":[{"embeddable":true,"href":"https:\/\/optoma-optyk.pl\/en\/wp-json\/wp\/v2\/comments?post=79"}],"version-history":[{"count":0,"href":"https:\/\/optoma-optyk.pl\/en\/wp-json\/wp\/v2\/pages\/79\/revisions"}],"wp:attachment":[{"href":"https:\/\/optoma-optyk.pl\/en\/wp-json\/wp\/v2\/media?parent=79"}],"curies":[{"name":"wp","href":"https:\/\/api.w.org\/{rel}","templated":true}]}}